{"id":18,"date":"2024-07-24T07:36:31","date_gmt":"2024-07-24T10:36:31","guid":{"rendered":"https:\/\/www.itd-transformadores.com.br\/?page_id=18"},"modified":"2026-02-05T09:47:28","modified_gmt":"2026-02-05T12:47:28","slug":"sobre","status":"publish","type":"page","link":"https:\/\/www.itd-transformadores.com.br\/","title":{"rendered":"Sobre N\u00f3s"},"content":{"rendered":"\t\t<div data-elementor-type=\"wp-page\" data-elementor-id=\"18\" class=\"elementor elementor-18\" data-elementor-post-type=\"page\">\n\t\t\t\t<div class=\"elementor-element elementor-element-ea009c4 e-flex e-con-boxed e-con e-parent\" data-id=\"ea009c4\" data-element_type=\"container\" data-e-type=\"container\" data-settings=\"{&quot;background_background&quot;:&quot;gradient&quot;}\">\n\t\t\t\t\t<div class=\"e-con-inner\">\n\t\t\t\t<div class=\"elementor-element elementor-element-7807808 elementor-widget elementor-widget-heading\" data-id=\"7807808\" data-element_type=\"widget\" data-e-type=\"widget\" data-widget_type=\"heading.default\">\n\t\t\t\t<div class=\"elementor-widget-container\">\n\t\t\t\t\t<h2 class=\"elementor-heading-title elementor-size-default\">A melhor solu\u00e7\u00e3o em transformadores com qualidade assegurada.<\/h2>\t\t\t\t<\/div>\n\t\t\t\t<\/div>\n\t\t\t\t<div class=\"elementor-element elementor-element-64fa31b elementor-widget elementor-widget-heading\" data-id=\"64fa31b\" data-element_type=\"widget\" data-e-type=\"widget\" data-widget_type=\"heading.default\">\n\t\t\t\t<div class=\"elementor-widget-container\">\n\t\t\t\t\t<h2 class=\"elementor-heading-title elementor-size-default\">Desde 1986 transformando energia em solu\u00e7\u00f5es confi\u00e1veis<\/h2>\t\t\t\t<\/div>\n\t\t\t\t<\/div>\n\t\t\t\t\t<\/div>\n\t\t\t\t<\/div>\n\t\t<div class=\"elementor-element elementor-element-84aa1e7 e-flex e-con-boxed e-con e-parent\" data-id=\"84aa1e7\" data-element_type=\"container\" data-e-type=\"container\" data-settings=\"{&quot;background_background&quot;:&quot;classic&quot;}\">\n\t\t\t\t\t<div class=\"e-con-inner\">\n\t\t<div class=\"elementor-element elementor-element-6f71e4d e-con-full e-flex e-con e-child\" data-id=\"6f71e4d\" data-element_type=\"container\" data-e-type=\"container\">\n\t\t<div class=\"elementor-element elementor-element-2a5c640 e-con-full e-flex e-con e-child\" data-id=\"2a5c640\" data-element_type=\"container\" data-e-type=\"container\">\n\t\t\t\t<div class=\"elementor-element elementor-element-a0dcc75 elementor-widget elementor-widget-image\" data-id=\"a0dcc75\" data-element_type=\"widget\" data-e-type=\"widget\" data-widget_type=\"image.default\">\n\t\t\t\t<div class=\"elementor-widget-container\">\n\t\t\t\t\t\t\t\t\t\t\t\t\t\t\t<img fetchpriority=\"high\" decoding=\"async\" width=\"1000\" height=\"1000\" src=\"https:\/\/www.itd-transformadores.com.br\/wp-content\/uploads\/2025\/09\/sobre-nos-itd-TRANSFORMADORES-1.png\" class=\"attachment-full size-full wp-image-782\" alt=\"\" srcset=\"https:\/\/www.itd-transformadores.com.br\/wp-content\/uploads\/2025\/09\/sobre-nos-itd-TRANSFORMADORES-1.png 1000w, https:\/\/www.itd-transformadores.com.br\/wp-content\/uploads\/2025\/09\/sobre-nos-itd-TRANSFORMADORES-1-300x300.png 300w, https:\/\/www.itd-transformadores.com.br\/wp-content\/uploads\/2025\/09\/sobre-nos-itd-TRANSFORMADORES-1-150x150.png 150w, https:\/\/www.itd-transformadores.com.br\/wp-content\/uploads\/2025\/09\/sobre-nos-itd-TRANSFORMADORES-1-768x768.png 768w\" sizes=\"(max-width: 1000px) 100vw, 1000px\" \/>\t\t\t\t\t\t\t\t\t\t\t\t\t\t\t<\/div>\n\t\t\t\t<\/div>\n\t\t\t\t<\/div>\n\t\t\t\t<\/div>\n\t\t<div class=\"elementor-element elementor-element-bdb568a e-con-full e-flex e-con e-child\" data-id=\"bdb568a\" data-element_type=\"container\" data-e-type=\"container\">\n\t\t\t\t<div class=\"elementor-element elementor-element-dc3ab48 elementor-widget elementor-widget-heading\" data-id=\"dc3ab48\" data-element_type=\"widget\" data-e-type=\"widget\" data-widget_type=\"heading.default\">\n\t\t\t\t<div class=\"elementor-widget-container\">\n\t\t\t\t\t<h2 class=\"elementor-heading-title elementor-size-default\">SOBRE N\u00d3S<\/h2>\t\t\t\t<\/div>\n\t\t\t\t<\/div>\n\t\t\t\t<div class=\"elementor-element elementor-element-83cdbaf elementor-widget elementor-widget-heading\" data-id=\"83cdbaf\" data-element_type=\"widget\" data-e-type=\"widget\" data-widget_type=\"heading.default\">\n\t\t\t\t<div class=\"elementor-widget-container\">\n\t\t\t\t\t<h2 class=\"elementor-heading-title elementor-size-default\">Desde 1986 transformando energia em solu\u00e7\u00f5es confi\u00e1veis<\/h2>\t\t\t\t<\/div>\n\t\t\t\t<\/div>\n\t\t\t\t<div class=\"elementor-element elementor-element-002d964 elementor-widget elementor-widget-text-editor\" data-id=\"002d964\" data-element_type=\"widget\" data-e-type=\"widget\" data-widget_type=\"text-editor.default\">\n\t\t\t\t<div class=\"elementor-widget-container\">\n\t\t\t\t\t\t\t\t\t<p style=\"text-align: left;\">Desde 12 de junho de 1986, a ITD-TRANSFORMADORES atua no desenvolvimento e fabrica\u00e7\u00e3o de transformadores e componentes eletromagn\u00e9ticos, oferecendo solu\u00e7\u00f5es sob medida para as mais diversas aplica\u00e7\u00f5es industriais e comerciais. Projetamos e fabricamos produtos conforme especifica\u00e7\u00f5es t\u00e9cnicas de cada cliente, atendendo normas, dimens\u00f5es, tens\u00f5es, pot\u00eancias e condi\u00e7\u00f5es espec\u00edficas de opera\u00e7\u00e3o.<\/p><div><div><p><img decoding=\"async\" class=\"emoji\" role=\"img\" draggable=\"false\" src=\"https:\/\/s.w.org\/images\/core\/emoji\/17.0.2\/svg\/2714.svg\" alt=\"\u2714\" \/> Projetos personalizados<\/p><p><img decoding=\"async\" class=\"emoji\" role=\"img\" draggable=\"false\" src=\"https:\/\/s.w.org\/images\/core\/emoji\/17.0.2\/svg\/2714.svg\" alt=\"\u2714\" \/> Alto padr\u00e3o de qualidade<\/p><p><img decoding=\"async\" class=\"emoji\" role=\"img\" draggable=\"false\" src=\"https:\/\/s.w.org\/images\/core\/emoji\/17.0.2\/svg\/2714.svg\" alt=\"\u2714\" \/> Confiabilidade e durabilidade<\/p><p><img decoding=\"async\" class=\"emoji\" role=\"img\" draggable=\"false\" src=\"https:\/\/s.w.org\/images\/core\/emoji\/17.0.2\/svg\/2714.svg\" alt=\"\u2714\" \/> Rastreabilidade por cliente e aplica\u00e7\u00e3o<\/p><\/div><\/div>\t\t\t\t\t\t\t\t<\/div>\n\t\t\t\t<\/div>\n\t\t\t\t<\/div>\n\t\t\t\t\t<\/div>\n\t\t\t\t<\/div>\n\t\t<div class=\"elementor-element elementor-element-a39a30e e-flex e-con-boxed e-con e-parent\" data-id=\"a39a30e\" data-element_type=\"container\" data-e-type=\"container\" data-settings=\"{&quot;background_background&quot;:&quot;classic&quot;}\">\n\t\t\t\t\t<div class=\"e-con-inner\">\n\t\t\t\t<div class=\"elementor-element elementor-element-742ef91 elementor-widget elementor-widget-heading\" data-id=\"742ef91\" data-element_type=\"widget\" data-e-type=\"widget\" data-widget_type=\"heading.default\">\n\t\t\t\t<div class=\"elementor-widget-container\">\n\t\t\t\t\t<h2 class=\"elementor-heading-title elementor-size-default\">PRINCIPAIS PRODUTOS<\/h2>\t\t\t\t<\/div>\n\t\t\t\t<\/div>\n\t\t\t\t\t<\/div>\n\t\t\t\t<\/div>\n\t\t<div class=\"elementor-element elementor-element-9ec8e34 e-flex e-con-boxed e-con e-parent\" data-id=\"9ec8e34\" data-element_type=\"container\" data-e-type=\"container\" data-settings=\"{&quot;background_background&quot;:&quot;classic&quot;}\">\n\t\t\t\t\t<div class=\"e-con-inner\">\n\t\t<div class=\"elementor-element elementor-element-84a3348 e-con-full e-flex e-con e-child\" data-id=\"84a3348\" data-element_type=\"container\" data-e-type=\"container\">\n\t\t\t\t<div class=\"elementor-element elementor-element-09e419a elementor-widget elementor-widget-text-editor\" data-id=\"09e419a\" data-element_type=\"widget\" data-e-type=\"widget\" data-widget_type=\"text-editor.default\">\n\t\t\t\t<div class=\"elementor-widget-container\">\n\t\t\t\t\t\t\t\t\t<div><div><p>\u2714Transformadores de Comando para Pain\u00e9is El\u00e9tricos<\/p><p>\u2714 Transformadores Monof\u00e1sicos e Trif\u00e1sicos Baixa Frequ\u00eancia<\/p><p>\u2714 Auto Transformadores Monof\u00e1sicos e Trif\u00e1sicos<\/p><p>\u2714 Bobinas Vibrat\u00f3rias com e sem Encapsulamento<\/p><p>\u2714 Indutores<\/p><p>\u2714 Reatores<\/p><p>\u2714Transformadores, Indutores e Bobinas de Alta Frequ\u00eancia(Ferrites)<\/p><p>\u2714 Solu\u00e7\u00f5es eletromagn\u00e9ticas especiais<\/p><p><em><strong>Obs.: Cada produto pode ser desenvolvido com dimens\u00f5es, cores, caracter\u00edsticas el\u00e9tricas e mec\u00e2nicas espec\u00edficas, conforme a necessidade do cliente.Atendemos clientes de diversos setores, incluindo:<\/strong><\/em> <em><strong> Baixa e Alta Frequ\u00eancia para Equipamentos El\u00e9tricos e Eletr\u00f4nicos em Geral<\/strong><\/em><\/p><p>\u2714 Automa\u00e7\u00e3o Industrial<\/p><p>\u2714 M\u00e1quinas Empacotadeiras<\/p><p>\u2714 M\u00e1quinas El\u00e9tricas em Geral<\/p><p>\u2714 M\u00e1quinas Industria Textil<\/p><p>\u2714 Pain\u00e9is El\u00e9tricos<\/p><p>\u2714 Equipamentos Industriais<\/p><p>\u2714 Equipamentos Eletr\u00f4nicos em Geral<\/p><p>\u2714 Equipamentos Eletrom\u00e9dicos em Geral<\/p><p>\u2714 Sistemas eletromec\u00e2nicos<\/p><p>\u2714 Projetos OEM<\/p><p><em><strong>Obs.: Recuperamos Transformadores, Indutores, Bobinas, etc. de Baixa e Alta Frequ\u00eancia para Equipamentos El\u00e9tricos e Eletr\u00f4nicos em Geral<\/strong><\/em><\/p><\/div><\/div>\t\t\t\t\t\t\t\t<\/div>\n\t\t\t\t<\/div>\n\t\t\t\t<\/div>\n\t\t\t\t\t<\/div>\n\t\t\t\t<\/div>\n\t\t<div class=\"elementor-element elementor-element-5638893 e-flex e-con-boxed e-con e-parent\" data-id=\"5638893\" data-element_type=\"container\" data-e-type=\"container\" data-settings=\"{&quot;background_background&quot;:&quot;classic&quot;}\">\n\t\t\t\t\t<div class=\"e-con-inner\">\n\t\t\t\t<div class=\"elementor-element elementor-element-64acab7 elementor-widget elementor-widget-heading\" data-id=\"64acab7\" data-element_type=\"widget\" data-e-type=\"widget\" data-widget_type=\"heading.default\">\n\t\t\t\t<div class=\"elementor-widget-container\">\n\t\t\t\t\t<h2 class=\"elementor-heading-title elementor-size-default\">NOSSOS DIFERENCIAIS<\/h2>\t\t\t\t<\/div>\n\t\t\t\t<\/div>\n\t\t\t\t\t<\/div>\n\t\t\t\t<\/div>\n\t\t<div class=\"elementor-element elementor-element-d0eb4c0 e-flex e-con-boxed e-con e-parent\" data-id=\"d0eb4c0\" data-element_type=\"container\" data-e-type=\"container\" data-settings=\"{&quot;background_background&quot;:&quot;classic&quot;}\">\n\t\t\t\t\t<div class=\"e-con-inner\">\n\t\t<div class=\"elementor-element elementor-element-5d5b69b e-con-full e-flex e-con e-child\" data-id=\"5d5b69b\" data-element_type=\"container\" data-e-type=\"container\">\n\t\t\t\t<div class=\"elementor-element elementor-element-8683fa0 elementor-widget elementor-widget-text-editor\" data-id=\"8683fa0\" data-element_type=\"widget\" data-e-type=\"widget\" data-widget_type=\"text-editor.default\">\n\t\t\t\t<div class=\"elementor-widget-container\">\n\t\t\t\t\t\t\t\t\t<p>\u2714 Projetos sob encomenda \u2013 foco total na necessidade do cliente<\/p><p>\u2714 Engenharia aplicada \u2013 desenvolvimento t\u00e9cnico criterioso<\/p><p>\u2714 Padroniza\u00e7\u00e3o e controle de qualidade<\/p><p>\u2714 C\u00f3digo exclusivo por cliente\/projeto<\/p><p>\u2714 Atendimento pr\u00f3ximo e personalizado<\/p><p>\u00a0<\/p><p><strong>Mais de tr\u00eas d\u00e9cadas de experi\u00eancia produ\u00e7\u00e3o personalizada cada transformador ou componente fabricado pela ITD-TRANSFORMADORES \u00e9 codificado individualmente, garantindo:<\/strong><\/p><p>\u00a0<\/p><p>\u2714 Rastreabilidade total<\/p><p>\u2714 Facilidade de reposi\u00e7\u00e3o<\/p><p>\u2714 Seguran\u00e7a t\u00e9cnica<\/p><p>\u2714 Padroniza\u00e7\u00e3o ao longo do tempo compromisso com o cliente nosso compromisso vai al\u00e9m da fabrica\u00e7\u00e3o.<\/p><p><strong>Buscamos parcerias duradouras, oferecendo suporte t\u00e9cnico, confiabilidade e solu\u00e7\u00f5es que agregam valor aos projetos de nossos clientes<\/strong><\/p>\t\t\t\t\t\t\t\t<\/div>\n\t\t\t\t<\/div>\n\t\t\t\t<\/div>\n\t\t\t\t\t<\/div>\n\t\t\t\t<\/div>\n\t\t<div class=\"elementor-element elementor-element-335193b e-flex e-con-boxed e-con e-parent\" data-id=\"335193b\" data-element_type=\"container\" data-e-type=\"container\" data-settings=\"{&quot;background_background&quot;:&quot;classic&quot;}\">\n\t\t\t\t\t<div class=\"e-con-inner\">\n\t\t\t\t<div class=\"elementor-element elementor-element-cee37d9 elementor-widget elementor-widget-heading\" data-id=\"cee37d9\" data-element_type=\"widget\" data-e-type=\"widget\" data-widget_type=\"heading.default\">\n\t\t\t\t<div class=\"elementor-widget-container\">\n\t\t\t\t\t<h2 class=\"elementor-heading-title elementor-size-default\">CURIOSIDADES<\/h2>\t\t\t\t<\/div>\n\t\t\t\t<\/div>\n\t\t\t\t\t<\/div>\n\t\t\t\t<\/div>\n\t\t<div class=\"elementor-element elementor-element-bc14aa9 e-flex e-con-boxed e-con e-parent\" data-id=\"bc14aa9\" data-element_type=\"container\" data-e-type=\"container\" data-settings=\"{&quot;background_background&quot;:&quot;classic&quot;}\">\n\t\t\t\t\t<div class=\"e-con-inner\">\n\t\t<div class=\"elementor-element elementor-element-eeca1cc e-con-full e-flex e-con e-child\" data-id=\"eeca1cc\" data-element_type=\"container\" data-e-type=\"container\">\n\t\t\t\t<div class=\"elementor-element elementor-element-5985693 elementor-widget elementor-widget-text-editor\" data-id=\"5985693\" data-element_type=\"widget\" data-e-type=\"widget\" data-widget_type=\"text-editor.default\">\n\t\t\t\t<div class=\"elementor-widget-container\">\n\t\t\t\t\t\t\t\t\t<p><strong>Transformadores de Baixa Frequ\u00eancia<\/strong><\/p><p>Os *transformadores de baixa frequ\u00eancia* surgiram no *final do s\u00e9culo XIX*, impulsionados pela crescente necessidade de transmitir energia el\u00e9trica a longas dist\u00e2ncias.<\/p><p>O *primeiro transformador pr\u00e1tico* foi desenvolvido por *Lucien Gaulard* e *John Dixon Gibbs* em *1881. Mas foi o engenheiro **Nikola Tesla, em colabora\u00e7\u00e3o com **George Westinghouse*, quem ajudou a popularizar o sistema de corrente alternada (CA) e os transformadores como conhecemos hoje.<\/p><p>Esses transformadores operam geralmente em *60 Hz (ou 50 Hz, dependendo do pa\u00eds)* e s\u00e3o usados principalmente na distribui\u00e7\u00e3o de energia el\u00e9trica.<\/p><p><strong>Transformadores de Alta Frequ\u00eancia<\/strong><\/p><p>J\u00e1 os *transformadores de alta frequ\u00eancia* come\u00e7aram a se desenvolver no *s\u00e9culo XX, com o avan\u00e7o da **eletr\u00f4nica de pot\u00eancia* e da *tecnologia de comuta\u00e7\u00e3o r\u00e1pida, especialmente ap\u00f3s a inven\u00e7\u00e3o do **transistor* em *1947*.<\/p><p>Na d\u00e9cada de *1970, com a cria\u00e7\u00e3o dos **inversores* e *fontes chaveadas (SMPS)*, os transformadores de alta frequ\u00eancia se tornaram essenciais em equipamentos como:<\/p><p>* Fontes de alimenta\u00e7\u00e3o eletr\u00f4nicas<\/p><p>* Carregadores<\/p><p>* Ilumina\u00e7\u00e3o LED<\/p><p>* Aplica\u00e7\u00f5es industriais<\/p><p>Eles operam acima de *20 kHz, permitindo **menores dimens\u00f5es, **menor peso* e maior *efici\u00eancia energ\u00e9tica*.<\/p>\t\t\t\t\t\t\t\t<\/div>\n\t\t\t\t<\/div>\n\t\t\t\t<div class=\"elementor-element elementor-element-da1f702 elementor-widget elementor-widget-text-editor\" data-id=\"da1f702\" data-element_type=\"widget\" data-e-type=\"widget\" data-widget_type=\"text-editor.default\">\n\t\t\t\t<div class=\"elementor-widget-container\">\n\t\t\t\t\t\t\t\t\t<p><strong>Fonte:<\/strong> Smith, C. L. (2011). Transformer Technology. IEEE Press.<\/p>\t\t\t\t\t\t\t\t<\/div>\n\t\t\t\t<\/div>\n\t\t\t\t<\/div>\n\t\t\t\t\t<\/div>\n\t\t\t\t<\/div>\n\t\t\t\t<\/div>\n\t\t","protected":false},"excerpt":{"rendered":"<p>A melhor solu\u00e7\u00e3o em transformadores com qualidade assegurada. Desde 1986 transformando energia em solu\u00e7\u00f5es confi\u00e1veis SOBRE N\u00d3S Desde 1986 transformando energia em solu\u00e7\u00f5es confi\u00e1veis Desde 12 de junho de 1986, a ITD-TRANSFORMADORES atua no desenvolvimento e fabrica\u00e7\u00e3o de transformadores e componentes eletromagn\u00e9ticos, oferecendo solu\u00e7\u00f5es sob medida para as mais diversas aplica\u00e7\u00f5es industriais e comerciais. Projetamos [&hellip;]<\/p>\n","protected":false},"author":1,"featured_media":0,"parent":0,"menu_order":0,"comment_status":"closed","ping_status":"closed","template":"elementor_header_footer","meta":{"_joinchat":[],"footnotes":""},"class_list":["post-18","page","type-page","status-publish","hentry"],"_links":{"self":[{"href":"https:\/\/www.itd-transformadores.com.br\/index.php\/wp-json\/wp\/v2\/pages\/18","targetHints":{"allow":["GET"]}}],"collection":[{"href":"https:\/\/www.itd-transformadores.com.br\/index.php\/wp-json\/wp\/v2\/pages"}],"about":[{"href":"https:\/\/www.itd-transformadores.com.br\/index.php\/wp-json\/wp\/v2\/types\/page"}],"author":[{"embeddable":true,"href":"https:\/\/www.itd-transformadores.com.br\/index.php\/wp-json\/wp\/v2\/users\/1"}],"replies":[{"embeddable":true,"href":"https:\/\/www.itd-transformadores.com.br\/index.php\/wp-json\/wp\/v2\/comments?post=18"}],"version-history":[{"count":98,"href":"https:\/\/www.itd-transformadores.com.br\/index.php\/wp-json\/wp\/v2\/pages\/18\/revisions"}],"predecessor-version":[{"id":1003,"href":"https:\/\/www.itd-transformadores.com.br\/index.php\/wp-json\/wp\/v2\/pages\/18\/revisions\/1003"}],"wp:attachment":[{"href":"https:\/\/www.itd-transformadores.com.br\/index.php\/wp-json\/wp\/v2\/media?parent=18"}],"curies":[{"name":"wp","href":"https:\/\/api.w.org\/{rel}","templated":true}]}}